{"id":157,"date":"2025-10-31T18:18:19","date_gmt":"2025-10-31T17:18:19","guid":{"rendered":"https:\/\/piscisclub.es\/?page_id=157"},"modified":"2026-02-07T19:42:44","modified_gmt":"2026-02-07T18:42:44","slug":"horario-clone","status":"publish","type":"page","link":"https:\/\/piscisclub.es\/?page_id=157","title":{"rendered":"Horario"},"content":{"rendered":"\n<h2 class=\"wp-block-heading\">temporada 25-26<\/h2>\n\n\n\n<p>Ya <strong class=\"privacy-policy-tutorial\">estamos inmersos en la temporada 2025-2026, en breve tendremos publicado el calendario de espect\u00e1culos que vamos a disfrutar cada semana, habr\u00e1 musicales, mon\u00f3logos, magia &#8230; y todo aquello que se nos ocurra<\/strong><\/p>\n\n\n\n<h2 class=\"wp-block-heading\">jueves<\/h2>\n\n\n\n<p>Cada jueves podr\u00e1s venir a partir de las <strong>23:00<\/strong><strong class=\"privacy-policy-tutorial\"> <\/strong>hasta las 03:00 con la mejor m\u00fasica y el mejor ambiente LGTBIQ+<\/p>\n\n\n\n<h2 class=\"wp-block-heading\">VIERNES y s\u00e1bado<\/h2>\n\n\n\n<p class=\"has-body-text-color has-text-color has-link-color wp-elements-0485daecb2c0ad0856046b1013ffebba\">Los viernes tenemos apertura desde las <strong>23:00<\/strong> hasta las <strong>04:00<\/strong> con la mejor m\u00fasica y el mejor ambiente<\/p>\n\n\n\n<p>El viernes 31 de octubre y el 1 de noviembre abriremos hasta las 06:00<\/p>\n\n\n\n<h2 class=\"wp-block-heading\">domingo<\/h2>\n\n\n\n<p>El domingo estaremos desde las <strong>20:00<\/strong> hasta las <strong>01:00<\/strong><\/p>\n\n\n\n<p><\/p>\n","protected":false},"excerpt":{"rendered":"<p> [&hellip;]<\/p>\n","protected":false},"author":3,"featured_media":0,"parent":210,"menu_order":4,"comment_status":"open","ping_status":"closed","template":"","meta":{"pagelayer_contact_templates":[],"_pagelayer_content":"","_monsterinsights_skip_tracking":false,"_monsterinsights_sitenote_active":false,"_monsterinsights_sitenote_note":"","_monsterinsights_sitenote_category":0,"_uf_show_specific_survey":0,"_uf_disable_surveys":false,"ngg_post_thumbnail":0,"footnotes":""},"class_list":["post-157","page","type-page","status-publish","hentry"],"aioseo_notices":[],"_links":{"self":[{"href":"https:\/\/piscisclub.es\/index.php?rest_route=\/wp\/v2\/pages\/157","targetHints":{"allow":["GET"]}}],"collection":[{"href":"https:\/\/piscisclub.es\/index.php?rest_route=\/wp\/v2\/pages"}],"about":[{"href":"https:\/\/piscisclub.es\/index.php?rest_route=\/wp\/v2\/types\/page"}],"author":[{"embeddable":true,"href":"https:\/\/piscisclub.es\/index.php?rest_route=\/wp\/v2\/users\/3"}],"replies":[{"embeddable":true,"href":"https:\/\/piscisclub.es\/index.php?rest_route=%2Fwp%2Fv2%2Fcomments&post=157"}],"version-history":[{"count":2,"href":"https:\/\/piscisclub.es\/index.php?rest_route=\/wp\/v2\/pages\/157\/revisions"}],"predecessor-version":[{"id":163,"href":"https:\/\/piscisclub.es\/index.php?rest_route=\/wp\/v2\/pages\/157\/revisions\/163"}],"up":[{"embeddable":true,"href":"https:\/\/piscisclub.es\/index.php?rest_route=\/wp\/v2\/pages\/210"}],"wp:attachment":[{"href":"https:\/\/piscisclub.es\/index.php?rest_route=%2Fwp%2Fv2%2Fmedia&parent=157"}],"curies":[{"name":"wp","href":"https:\/\/api.w.org\/{rel}","templated":true}]}}