{"id":2,"date":"2025-08-27T10:22:36","date_gmt":"2025-08-27T10:22:36","guid":{"rendered":"https:\/\/piscisclub.es\/?page_id=2"},"modified":"2026-02-07T19:42:32","modified_gmt":"2026-02-07T18:42:32","slug":"sample-page","status":"publish","type":"page","link":"https:\/\/piscisclub.es\/?page_id=2","title":{"rendered":"El callej\u00f3n del Piscis"},"content":{"rendered":"\n<p>Desde hace 45 a\u00f1os el Musical Piscis Club forma parte del coraz\u00f3n de Murcia, siendo un refugio, un lugar de celebraci\u00f3n y tambi\u00e9n de lucha para la comunidad LGTBIQ+. Aqu\u00ed nos hemos encontrado, nos hemos cuidado y hemos resistido a todas y cada una de las adversidades que hemos tenido en el camino, y esta no iba a ser menos. Ser visibles no ha sido f\u00e1cil, pero siempre ha sido necesario. Y este callej\u00f3n lleva tambi\u00e9n esa historia en su nombre.<\/p>\n\n\n\n<p>Intentaron quitarle el nombre a un espacio que con tanto orgullo llevamos tantos a\u00f1os construyendo. Un callej\u00f3n que se ha convertido en punto de encuentro, de visibilidad, de resistencia y de libertad para todos y cada uno de nosotros. No propusieron alternativa alguna, solo el silencia desde el que nos quer\u00edan amordazar, y con ese silencio el intento de invisibilizar lo que somos: un local LGTBIQ+, una historia viva con <\/p>\n\n\n\n<p>Pero gracias a todos y cada uno de vosotros no han podido hacerlo sin escuchar nuestras voces. Porque existimos, porque resistimos, porque este rinc\u00f3n lleva nuestro nombre con dignidad, alegr\u00eda y mermoria.<\/p>\n\n\n\n<p>No se trata solo de un nombre, se trata de lo que representa: un espacio libre, seguro y orgulloso. Y eso no nos lo quitan. Ni ahora ni nunca.<\/p>\n\n\n\n<p><\/p>\n\n\n\n<blockquote class=\"wp-block-quote is-layout-flow wp-block-quote-is-layout-flow\">\n<p>GRACIAS por estar, GRACIAS por luchar, GRACIAS por no permitir que nos borren.<\/p>\n<\/blockquote>\n","protected":false},"excerpt":{"rendered":"<p> [&hellip;]<\/p>\n","protected":false},"author":1,"featured_media":0,"parent":210,"menu_order":3,"comment_status":"open","ping_status":"closed","template":"","meta":{"pagelayer_contact_templates":[],"_pagelayer_content":"","_monsterinsights_skip_tracking":false,"_monsterinsights_sitenote_active":false,"_monsterinsights_sitenote_note":"","_monsterinsights_sitenote_category":0,"_uf_show_specific_survey":0,"_uf_disable_surveys":false,"ngg_post_thumbnail":0,"footnotes":""},"class_list":["post-2","page","type-page","status-publish","hentry"],"aioseo_notices":[],"_links":{"self":[{"href":"https:\/\/piscisclub.es\/index.php?rest_route=\/wp\/v2\/pages\/2","targetHints":{"allow":["GET"]}}],"collection":[{"href":"https:\/\/piscisclub.es\/index.php?rest_route=\/wp\/v2\/pages"}],"about":[{"href":"https:\/\/piscisclub.es\/index.php?rest_route=\/wp\/v2\/types\/page"}],"author":[{"embeddable":true,"href":"https:\/\/piscisclub.es\/index.php?rest_route=\/wp\/v2\/users\/1"}],"replies":[{"embeddable":true,"href":"https:\/\/piscisclub.es\/index.php?rest_route=%2Fwp%2Fv2%2Fcomments&post=2"}],"version-history":[{"count":3,"href":"https:\/\/piscisclub.es\/index.php?rest_route=\/wp\/v2\/pages\/2\/revisions"}],"predecessor-version":[{"id":220,"href":"https:\/\/piscisclub.es\/index.php?rest_route=\/wp\/v2\/pages\/2\/revisions\/220"}],"up":[{"embeddable":true,"href":"https:\/\/piscisclub.es\/index.php?rest_route=\/wp\/v2\/pages\/210"}],"wp:attachment":[{"href":"https:\/\/piscisclub.es\/index.php?rest_route=%2Fwp%2Fv2%2Fmedia&parent=2"}],"curies":[{"name":"wp","href":"https:\/\/api.w.org\/{rel}","templated":true}]}}