{"id":228,"date":"2026-02-07T19:31:05","date_gmt":"2026-02-07T18:31:05","guid":{"rendered":"https:\/\/piscisclub.es\/?page_id=228"},"modified":"2026-02-07T19:42:01","modified_gmt":"2026-02-07T18:42:01","slug":"piscis-como-siempre-como-nunca","status":"publish","type":"page","link":"https:\/\/piscisclub.es\/?page_id=228","title":{"rendered":"Piscis como siempre, como nunca"},"content":{"rendered":"\n<p>\ud83c\udf08\u2728 \u00a1Musical Piscis nunca nos fuimos, ya estamos otra vez m\u00e1s brillante que nunca! \ud83c\udfad\ud83c\udf78<\/p>\n\n\n\n<figure class=\"wp-block-image size-full is-resized\"><img decoding=\"async\" src=\"https:\/\/piscisclub.es\/wp-content\/uploads\/2025\/09\/Piscis-06.png\" alt=\"\" class=\"wp-image-41\" style=\"width:691px;height:auto\"\/><\/figure>\n\n\n\n<p>\u00a1Familia querida! Tras unas necesitadas vacaciones, <strong>Musical Piscis reabre sus puertas<\/strong> con m\u00e1s magia, ritmo y fuerza que nunca. Nuestro espacio se reinventa con una <strong>nueva decoraci\u00f3n al m\u00e1s puro estilo cabaret<\/strong>, llena de luces, terciopelos y detalles que te envolver\u00e1n desde que cruces la puerta.<\/p>\n\n\n\n<h2 class=\"wp-block-heading\">\ud83c\udfb6 Qu\u00e9 hay de nuevo<\/h2>\n\n\n\n<ul class=\"wp-block-list\">\n<li><strong>M\u00e1s espect\u00e1culos<\/strong>: noches vibrantes con shows de m\u00fasica, drag, burlesque y m\u00e1s, para todas las almas bailarinas.<\/li>\n\n\n\n<li><strong>Cocteler\u00eda creativa<\/strong>: c\u00f3cteles que despiertan tus sentidos y elevan tu \u00e1nimo.<\/li>\n\n\n\n<li><strong>Caf\u00e9 de especialidad<\/strong>: perfecto para tardes de charla, risas y confidencias en buena compa\u00f1\u00eda.<\/li>\n\n\n\n<li><strong>Y muchas m\u00e1s sorpresas<\/strong> que iremos desvelando poco a poco\u2026 \u00a1no querr\u00e1s perd\u00e9rtelas!<\/li>\n<\/ul>\n\n\n\n<h2 class=\"wp-block-heading\">\ud83d\udc96 Nuestra esencia<\/h2>\n\n\n\n<p>Desde siempre y para siempre, seguimos siendo <strong>el lugar de encuentro de la comunidad LGTB<\/strong>. Un espacio de celebraci\u00f3n, diversidad, libertad y amor. Aqu\u00ed cada persona encuentra su voz, su ritmo, y ese lugar seguro donde brillar como eres.<\/p>\n\n\n\n<figure class=\"wp-block-image size-full is-resized\"><img decoding=\"async\" src=\"https:\/\/piscisclub.es\/wp-content\/uploads\/2025\/09\/Piscis-09.png\" alt=\"\" class=\"wp-image-44\" style=\"width:768px;height:auto\"\/><\/figure>\n\n\n\n<p>\u2728 Prep\u00e1rate: lo mejor est\u00e1 por llegar. Nos vemos en la pista, en la barra\u2026 \u00a1en Musical Piscis!<\/p>\n","protected":false},"excerpt":{"rendered":"<p> [&hellip;]<\/p>\n","protected":false},"author":1,"featured_media":0,"parent":210,"menu_order":1,"comment_status":"closed","ping_status":"closed","template":"","meta":{"pagelayer_contact_templates":[],"_pagelayer_content":"","_monsterinsights_skip_tracking":false,"_monsterinsights_sitenote_active":false,"_monsterinsights_sitenote_note":"","_monsterinsights_sitenote_category":0,"_uf_show_specific_survey":0,"_uf_disable_surveys":false,"ngg_post_thumbnail":0,"footnotes":""},"class_list":["post-228","page","type-page","status-publish","hentry"],"aioseo_notices":[],"_links":{"self":[{"href":"https:\/\/piscisclub.es\/index.php?rest_route=\/wp\/v2\/pages\/228","targetHints":{"allow":["GET"]}}],"collection":[{"href":"https:\/\/piscisclub.es\/index.php?rest_route=\/wp\/v2\/pages"}],"about":[{"href":"https:\/\/piscisclub.es\/index.php?rest_route=\/wp\/v2\/types\/page"}],"author":[{"embeddable":true,"href":"https:\/\/piscisclub.es\/index.php?rest_route=\/wp\/v2\/users\/1"}],"replies":[{"embeddable":true,"href":"https:\/\/piscisclub.es\/index.php?rest_route=%2Fwp%2Fv2%2Fcomments&post=228"}],"version-history":[{"count":2,"href":"https:\/\/piscisclub.es\/index.php?rest_route=\/wp\/v2\/pages\/228\/revisions"}],"predecessor-version":[{"id":230,"href":"https:\/\/piscisclub.es\/index.php?rest_route=\/wp\/v2\/pages\/228\/revisions\/230"}],"up":[{"embeddable":true,"href":"https:\/\/piscisclub.es\/index.php?rest_route=\/wp\/v2\/pages\/210"}],"wp:attachment":[{"href":"https:\/\/piscisclub.es\/index.php?rest_route=%2Fwp%2Fv2%2Fmedia&parent=228"}],"curies":[{"name":"wp","href":"https:\/\/api.w.org\/{rel}","templated":true}]}}